{"id":2891,"date":"2026-01-07T08:13:58","date_gmt":"2026-01-07T08:13:58","guid":{"rendered":"https:\/\/rubin.estate\/impressum\/"},"modified":"2026-01-07T20:45:28","modified_gmt":"2026-01-07T20:45:28","slug":"impressum","status":"publish","type":"page","link":"https:\/\/rubin.estate\/wb\/impressum\/","title":{"rendered":"Impressum"},"content":{"rendered":"\n<h2 class=\"wp-block-heading\"><strong>Impressum<\/strong><\/h2>\n\n\n\n<p>BAJK Capital GmbH<br>Hauptstra\u00dfe 25<br>65760 Eschborn<\/p>\n\n\n\n<p>Handelsregister: Amtsgericht Frankfurt am Main, HRB 119134<br>Umsatzsteuer-Identifikationsnummer: DE333011953<\/p>\n\n\n\n<p>Vertreten durch die Gesch\u00e4ftsf\u00fchrerin: Jana Rubin<\/p>\n\n\n\n<p>Kontakt<br>Telefon +49 (0) 69 175361651<br>Fax +49 (0) 69 175361659<br>E-Mail&nbsp;info@rubin.estate<\/p>\n\n\n\n<p><strong>Berufsrechtliche Angaben<\/strong><\/p>\n\n\n\n<p><strong>Erlaubnis gem\u00e4\u00df \u00a7 34c Gewerbeordnung (Immobilienmakler)<\/strong><br>Zust\u00e4ndige Erlaubnisbeh\u00f6rde<br>Ordnungsamt Charlottenburg-Wilmersdorf von Berlin<br>Hohenzollerndamm 174\u2013177<br>10713 Berlin<\/p>\n\n\n\n<p>Erlaubnis gem\u00e4\u00df \u00a7 34i Abs. 1 Satz 1 Gewerbeordnung (Immobiliardarlehensvermittlung)<br>Registriert im Vermittlerregister unter der Nummer&nbsp;D-W-125-0FPJ-90<br>Registerstelle: Deutscher Industrie- und Handelskammertag (DIHK) e. V., Breite Stra\u00dfe 29,<\/p>\n\n\n\n<p>Zust\u00e4ndige Erlaubnisbeh\u00f6rde nach \u00a7 34i GewO<br>Ordnungsamt Frankfurt am Main<br>Kleyerstra\u00dfe 86<br>60326 Frankfurt am Main<\/p>\n\n\n\n<p>Berufshaftpflichtversicherung nach \u00a7 34i Abs. 2 Nr. 3 GewO<br>AXA Versicherung AG<br>R\u00e4umlicher Geltungsbereich: Mitgliedsstaaten der Europ\u00e4ischen Union sowie die weiteren Vertragsstaaten des Abkommens \u00fcber den Europ\u00e4ischen Wirtschaftsraum gem\u00e4\u00df \u00a7 9 ImmVermV.<\/p>\n\n\n\n<p>Verbraucherstreitbeilegung (\u00a7 36 VSBG)<br>Die BAJK Capital GmbH ist nicht verpflichtet und nicht bereit, an Streitbeilegungsverfahren vor einer Verbraucherschlichtungsstelle teilzunehmen.<\/p>\n\n\n\n<p>Inhaltlich verantwortlich nach \u00a7 18 Abs. 2 MStV<br>Jana Rubin, Anschrift wie oben.<\/p>\n","protected":false},"excerpt":{"rendered":"<p>Impressum BAJK Capital GmbHHauptstra\u00dfe 2565760 Eschborn Handelsregister: Amtsgericht Frankfurt am Main, HRB 119134Umsatzsteuer-Identifikationsnummer: DE333011953 Vertreten durch die Gesch\u00e4ftsf\u00fchrerin: Jana Rubin KontaktTelefon +49 (0) 69 175361651Fax +49 (0) 69 175361659E-Mail&nbsp;info@rubin.estate Berufsrechtliche Angaben Erlaubnis gem\u00e4\u00df \u00a7 34c Gewerbeordnung (Immobilienmakler)Zust\u00e4ndige Erlaubnisbeh\u00f6rdeOrdnungsamt Charlottenburg-Wilmersdorf von BerlinHohenzollerndamm 174\u201317710713 Berlin Erlaubnis gem\u00e4\u00df \u00a7 34i Abs. 1 Satz 1 Gewerbeordnung (Immobiliardarlehensvermittlung)Registriert im Vermittlerregister [&hellip;]<\/p>\n","protected":false},"author":2,"featured_media":0,"parent":0,"menu_order":0,"comment_status":"closed","ping_status":"closed","template":"","meta":{"_monsterinsights_skip_tracking":false,"_monsterinsights_sitenote_active":false,"_monsterinsights_sitenote_note":"","_monsterinsights_sitenote_category":0,"footnotes":""},"class_list":["post-2891","page","type-page","status-publish","hentry"],"yoast_head":"<!-- This site is optimized with the Yoast SEO plugin v26.6 - https:\/\/yoast.com\/wordpress\/plugins\/seo\/ -->\n<title>Impressum - Rubin Estate<\/title>\n<meta name=\"robots\" content=\"index, follow, max-snippet:-1, max-image-preview:large, max-video-preview:-1\" \/>\n<link rel=\"canonical\" href=\"https:\/\/rubin.estate\/wb\/impressum\/\" \/>\n<meta property=\"og:locale\" content=\"de_DE\" \/>\n<meta property=\"og:type\" content=\"article\" \/>\n<meta property=\"og:title\" content=\"Impressum - Rubin Estate\" \/>\n<meta property=\"og:description\" content=\"Impressum BAJK Capital GmbHHauptstra\u00dfe 2565760 Eschborn Handelsregister: Amtsgericht Frankfurt am Main, HRB 119134Umsatzsteuer-Identifikationsnummer: DE333011953 Vertreten durch die Gesch\u00e4ftsf\u00fchrerin: Jana Rubin KontaktTelefon +49 (0) 69 175361651Fax +49 (0) 69 175361659E-Mail&nbsp;info@rubin.estate Berufsrechtliche Angaben Erlaubnis gem\u00e4\u00df \u00a7 34c Gewerbeordnung (Immobilienmakler)Zust\u00e4ndige Erlaubnisbeh\u00f6rdeOrdnungsamt Charlottenburg-Wilmersdorf von BerlinHohenzollerndamm 174\u201317710713 Berlin Erlaubnis gem\u00e4\u00df \u00a7 34i Abs. 1 Satz 1 Gewerbeordnung (Immobiliardarlehensvermittlung)Registriert im Vermittlerregister [&hellip;]\" \/>\n<meta property=\"og:url\" content=\"https:\/\/rubin.estate\/wb\/impressum\/\" \/>\n<meta property=\"og:site_name\" content=\"Rubin Estate\" \/>\n<meta property=\"article:modified_time\" content=\"2026-01-07T20:45:28+00:00\" \/>\n<meta name=\"twitter:card\" content=\"summary_large_image\" \/>\n<meta name=\"twitter:label1\" content=\"Est. reading time\" \/>\n\t<meta name=\"twitter:data1\" content=\"3 minutes\" \/>\n<script type=\"application\/ld+json\" class=\"yoast-schema-graph\">{\"@context\":\"https:\/\/schema.org\",\"@graph\":[{\"@type\":\"WebPage\",\"@id\":\"https:\/\/rubin.estate\/wb\/impressum\/\",\"url\":\"https:\/\/rubin.estate\/wb\/impressum\/\",\"name\":\"Impressum - Rubin Estate\",\"isPartOf\":{\"@id\":\"https:\/\/rubin.estate\/#website\"},\"datePublished\":\"2026-01-07T08:13:58+00:00\",\"dateModified\":\"2026-01-07T20:45:28+00:00\",\"breadcrumb\":{\"@id\":\"https:\/\/rubin.estate\/wb\/impressum\/#breadcrumb\"},\"inLanguage\":\"wb-DE\",\"potentialAction\":[{\"@type\":\"ReadAction\",\"target\":[\"https:\/\/rubin.estate\/wb\/impressum\/\"]}]},{\"@type\":\"BreadcrumbList\",\"@id\":\"https:\/\/rubin.estate\/wb\/impressum\/#breadcrumb\",\"itemListElement\":[{\"@type\":\"ListItem\",\"position\":1,\"name\":\"\u0413\u043b\u0430\u0432\u043d\u0430\u044f \u0441\u0442\u0440\u0430\u043d\u0438\u0446\u0430\",\"item\":\"https:\/\/rubin.estate\/wb\/\"},{\"@type\":\"ListItem\",\"position\":2,\"name\":\"Impressum\"}]},{\"@type\":\"WebSite\",\"@id\":\"https:\/\/rubin.estate\/#website\",\"url\":\"https:\/\/rubin.estate\/\",\"name\":\"Rubin Estate\",\"description\":\"Just another WordPress site\",\"potentialAction\":[{\"@type\":\"SearchAction\",\"target\":{\"@type\":\"EntryPoint\",\"urlTemplate\":\"https:\/\/rubin.estate\/?s={search_term_string}\"},\"query-input\":{\"@type\":\"PropertyValueSpecification\",\"valueRequired\":true,\"valueName\":\"search_term_string\"}}],\"inLanguage\":\"wb-DE\"}]}<\/script>\n<!-- \/ Yoast SEO plugin. -->","yoast_head_json":{"title":"Impressum - Rubin Estate","robots":{"index":"index","follow":"follow","max-snippet":"max-snippet:-1","max-image-preview":"max-image-preview:large","max-video-preview":"max-video-preview:-1"},"canonical":"https:\/\/rubin.estate\/wb\/impressum\/","og_locale":"de_DE","og_type":"article","og_title":"Impressum - Rubin Estate","og_description":"Impressum BAJK Capital GmbHHauptstra\u00dfe 2565760 Eschborn Handelsregister: Amtsgericht Frankfurt am Main, HRB 119134Umsatzsteuer-Identifikationsnummer: DE333011953 Vertreten durch die Gesch\u00e4ftsf\u00fchrerin: Jana Rubin KontaktTelefon +49 (0) 69 175361651Fax +49 (0) 69 175361659E-Mail&nbsp;info@rubin.estate Berufsrechtliche Angaben Erlaubnis gem\u00e4\u00df \u00a7 34c Gewerbeordnung (Immobilienmakler)Zust\u00e4ndige Erlaubnisbeh\u00f6rdeOrdnungsamt Charlottenburg-Wilmersdorf von BerlinHohenzollerndamm 174\u201317710713 Berlin Erlaubnis gem\u00e4\u00df \u00a7 34i Abs. 1 Satz 1 Gewerbeordnung (Immobiliardarlehensvermittlung)Registriert im Vermittlerregister [&hellip;]","og_url":"https:\/\/rubin.estate\/wb\/impressum\/","og_site_name":"Rubin Estate","article_modified_time":"2026-01-07T20:45:28+00:00","twitter_card":"summary_large_image","twitter_misc":{"Est. reading time":"3 minutes"},"schema":{"@context":"https:\/\/schema.org","@graph":[{"@type":"WebPage","@id":"https:\/\/rubin.estate\/wb\/impressum\/","url":"https:\/\/rubin.estate\/wb\/impressum\/","name":"Impressum - Rubin Estate","isPartOf":{"@id":"https:\/\/rubin.estate\/#website"},"datePublished":"2026-01-07T08:13:58+00:00","dateModified":"2026-01-07T20:45:28+00:00","breadcrumb":{"@id":"https:\/\/rubin.estate\/wb\/impressum\/#breadcrumb"},"inLanguage":"wb-DE","potentialAction":[{"@type":"ReadAction","target":["https:\/\/rubin.estate\/wb\/impressum\/"]}]},{"@type":"BreadcrumbList","@id":"https:\/\/rubin.estate\/wb\/impressum\/#breadcrumb","itemListElement":[{"@type":"ListItem","position":1,"name":"\u0413\u043b\u0430\u0432\u043d\u0430\u044f \u0441\u0442\u0440\u0430\u043d\u0438\u0446\u0430","item":"https:\/\/rubin.estate\/wb\/"},{"@type":"ListItem","position":2,"name":"Impressum"}]},{"@type":"WebSite","@id":"https:\/\/rubin.estate\/#website","url":"https:\/\/rubin.estate\/","name":"Rubin Estate","description":"Just another WordPress site","potentialAction":[{"@type":"SearchAction","target":{"@type":"EntryPoint","urlTemplate":"https:\/\/rubin.estate\/?s={search_term_string}"},"query-input":{"@type":"PropertyValueSpecification","valueRequired":true,"valueName":"search_term_string"}}],"inLanguage":"wb-DE"}]}},"_links":{"self":[{"href":"https:\/\/rubin.estate\/wb\/wp-json\/wp\/v2\/pages\/2891","targetHints":{"allow":["GET"]}}],"collection":[{"href":"https:\/\/rubin.estate\/wb\/wp-json\/wp\/v2\/pages"}],"about":[{"href":"https:\/\/rubin.estate\/wb\/wp-json\/wp\/v2\/types\/page"}],"author":[{"embeddable":true,"href":"https:\/\/rubin.estate\/wb\/wp-json\/wp\/v2\/users\/2"}],"replies":[{"embeddable":true,"href":"https:\/\/rubin.estate\/wb\/wp-json\/wp\/v2\/comments?post=2891"}],"version-history":[{"count":2,"href":"https:\/\/rubin.estate\/wb\/wp-json\/wp\/v2\/pages\/2891\/revisions"}],"predecessor-version":[{"id":3069,"href":"https:\/\/rubin.estate\/wb\/wp-json\/wp\/v2\/pages\/2891\/revisions\/3069"}],"wp:attachment":[{"href":"https:\/\/rubin.estate\/wb\/wp-json\/wp\/v2\/media?parent=2891"}],"curies":[{"name":"wp","href":"https:\/\/api.w.org\/{rel}","templated":true}]}}